{"id":5372,"date":"2026-02-10T19:45:59","date_gmt":"2026-02-10T19:45:59","guid":{"rendered":"https:\/\/varietyarticles.com\/?post_type=product&#038;p=5372"},"modified":"2026-02-10T21:43:04","modified_gmt":"2026-02-10T21:43:04","slug":"revision-de-la-autoevaluacion-de-la-madurez-digital","status":"publish","type":"product","link":"https:\/\/varietyarticles.com\/es\/service\/digital-maturity-self-assessment-review\/","title":{"rendered":"Revisi\u00f3n de la autoevaluaci\u00f3n de madurez digital"},"content":{"rendered":"<p>Env\u00ede su autoevaluaci\u00f3n de madurez digital y reciba comentarios de expertos con informaci\u00f3n sobre las prioridades para su pr\u00f3xima fase de transformaci\u00f3n.<br \/>\n<br \/>\nIncluye:<\/p>\n<ul>\n<li>Revisi\u00f3n del cuestionario enviado<\/li>\n<li>Puntuaci\u00f3n de madurez digital<\/li>\n<li>Las tres mejoras prioritarias<\/li>\n<li>Orientaci\u00f3n b\u00e1sica sobre la hoja de ruta<\/li>\n<\/ul>","protected":false},"excerpt":{"rendered":"<p>Comprenda cu\u00e1l es la situaci\u00f3n digital de su empresa.<\/p>","protected":false},"featured_media":5414,"template":"","meta":{"_acf_changed":false},"product_brand":[],"product_cat":[22,40,25],"product_tag":[],"class_list":{"0":"post-5372","1":"product","2":"type-product","3":"status-publish","4":"has-post-thumbnail","6":"product_cat-sin-categorizar","7":"product_cat-digital-transformation-integration","8":"product_cat-services-for-companies","10":"first","11":"instock","12":"shipping-taxable","13":"purchasable","14":"product-type-simple"},"acf":[],"_links":{"self":[{"href":"https:\/\/varietyarticles.com\/es\/wp-json\/wp\/v2\/product\/5372","targetHints":{"allow":["GET"]}}],"collection":[{"href":"https:\/\/varietyarticles.com\/es\/wp-json\/wp\/v2\/product"}],"about":[{"href":"https:\/\/varietyarticles.com\/es\/wp-json\/wp\/v2\/types\/product"}],"wp:featuredmedia":[{"embeddable":true,"href":"https:\/\/varietyarticles.com\/es\/wp-json\/wp\/v2\/media\/5414"}],"wp:attachment":[{"href":"https:\/\/varietyarticles.com\/es\/wp-json\/wp\/v2\/media?parent=5372"}],"wp:term":[{"taxonomy":"product_brand","embeddable":true,"href":"https:\/\/varietyarticles.com\/es\/wp-json\/wp\/v2\/product_brand?post=5372"},{"taxonomy":"product_cat","embeddable":true,"href":"https:\/\/varietyarticles.com\/es\/wp-json\/wp\/v2\/product_cat?post=5372"},{"taxonomy":"product_tag","embeddable":true,"href":"https:\/\/varietyarticles.com\/es\/wp-json\/wp\/v2\/product_tag?post=5372"}],"curies":[{"name":"wp","href":"https:\/\/api.w.org\/{rel}","templated":true}]}}