{"id":5368,"date":"2026-02-10T19:32:56","date_gmt":"2026-02-10T19:32:56","guid":{"rendered":"https:\/\/varietyarticles.com\/?post_type=product&#038;p=5368"},"modified":"2026-02-10T21:33:32","modified_gmt":"2026-02-10T21:33:32","slug":"analisis-rapido-de-riesgos-ciberneticos","status":"publish","type":"product","link":"https:\/\/varietyarticles.com\/es\/service\/cyber-risk-quick-scan\/","title":{"rendered":"An\u00e1lisis r\u00e1pido de riesgos cibern\u00e9ticos"},"content":{"rendered":"<p>Un an\u00e1lisis simplificado de la exposici\u00f3n a riesgos de ciberseguridad para identificar los riesgos digitales visibles que afectan a su dominio, configuraci\u00f3n de correo electr\u00f3nico e infraestructura p\u00fablica.<br \/>\n<br \/>\nIncluye:<\/p>\n<ul>\n<li>An\u00e1lisis p\u00fablico de vulnerabilidades<\/li>\n<li>Revisi\u00f3n de la configuraci\u00f3n del correo electr\u00f3nico (SPF\/DKIM b\u00e1sico)<\/li>\n<li>Clasificaci\u00f3n del nivel de riesgo (Bajo \/ Medio \/ Alto)<\/li>\n<li>Recomendaciones r\u00e1pidas<\/li>\n<\/ul>","protected":false},"excerpt":{"rendered":"<p>Conozca su exposici\u00f3n a los riesgos de ciberseguridad en 3 d\u00edas.<\/p>","protected":false},"featured_media":5413,"template":"","meta":{"_acf_changed":false},"product_brand":[],"product_cat":[41],"product_tag":[],"class_list":{"0":"post-5368","1":"product","2":"type-product","3":"status-publish","4":"has-post-thumbnail","6":"product_cat-cybersecurity-data-protection","8":"first","9":"instock","10":"shipping-taxable","11":"purchasable","12":"product-type-simple"},"acf":[],"_links":{"self":[{"href":"https:\/\/varietyarticles.com\/es\/wp-json\/wp\/v2\/product\/5368","targetHints":{"allow":["GET"]}}],"collection":[{"href":"https:\/\/varietyarticles.com\/es\/wp-json\/wp\/v2\/product"}],"about":[{"href":"https:\/\/varietyarticles.com\/es\/wp-json\/wp\/v2\/types\/product"}],"wp:featuredmedia":[{"embeddable":true,"href":"https:\/\/varietyarticles.com\/es\/wp-json\/wp\/v2\/media\/5413"}],"wp:attachment":[{"href":"https:\/\/varietyarticles.com\/es\/wp-json\/wp\/v2\/media?parent=5368"}],"wp:term":[{"taxonomy":"product_brand","embeddable":true,"href":"https:\/\/varietyarticles.com\/es\/wp-json\/wp\/v2\/product_brand?post=5368"},{"taxonomy":"product_cat","embeddable":true,"href":"https:\/\/varietyarticles.com\/es\/wp-json\/wp\/v2\/product_cat?post=5368"},{"taxonomy":"product_tag","embeddable":true,"href":"https:\/\/varietyarticles.com\/es\/wp-json\/wp\/v2\/product_tag?post=5368"}],"curies":[{"name":"wp","href":"https:\/\/api.w.org\/{rel}","templated":true}]}}