{"id":5362,"date":"2026-02-10T18:29:10","date_gmt":"2026-02-10T18:29:10","guid":{"rendered":"https:\/\/varietyarticles.com\/?post_type=product&#038;p=5362"},"modified":"2026-02-10T21:31:49","modified_gmt":"2026-02-10T21:31:49","slug":"resumen-de-oportunidades-de-inteligencia-artificial","status":"publish","type":"product","link":"https:\/\/varietyarticles.com\/es\/service\/ai-opportunity-snapshot\/","title":{"rendered":"Resumen de oportunidades de IA"},"content":{"rendered":"<p>\u00bfNo est\u00e1 seguro de c\u00f3mo encaja la IA en su negocio? Le ofrecemos una evaluaci\u00f3n r\u00e1pida en la que se destacan tres oportunidades pr\u00e1cticas de implementaci\u00f3n de la IA adaptadas a su sector y al tama\u00f1o de su empresa.<br \/>\n<br \/>\n<strong>Incluye:<\/strong><\/p>\n<ul>\n<li>Revisi\u00f3n de casos de uso empresarial<\/li>\n<li>3 ideas para implementar la IA<\/li>\n<li>Nivel de complejidad estimado<\/li>\n<li>Hoja de ruta con los siguientes pasos sugeridos (b\u00e1sica)<\/li>\n<\/ul>","protected":false},"excerpt":{"rendered":"<p>Identifica tres oportunidades r\u00e1pidas de IA para tu negocio.<\/p>","protected":false},"featured_media":5412,"template":"","meta":{"_acf_changed":false},"product_brand":[],"product_cat":[42,40],"product_tag":[],"class_list":{"0":"post-5362","1":"product","2":"type-product","3":"status-publish","4":"has-post-thumbnail","6":"product_cat-data-analytics-business-intelligence","7":"product_cat-digital-transformation-integration","9":"first","10":"instock","11":"shipping-taxable","12":"purchasable","13":"product-type-simple"},"acf":[],"_links":{"self":[{"href":"https:\/\/varietyarticles.com\/es\/wp-json\/wp\/v2\/product\/5362","targetHints":{"allow":["GET"]}}],"collection":[{"href":"https:\/\/varietyarticles.com\/es\/wp-json\/wp\/v2\/product"}],"about":[{"href":"https:\/\/varietyarticles.com\/es\/wp-json\/wp\/v2\/types\/product"}],"wp:featuredmedia":[{"embeddable":true,"href":"https:\/\/varietyarticles.com\/es\/wp-json\/wp\/v2\/media\/5412"}],"wp:attachment":[{"href":"https:\/\/varietyarticles.com\/es\/wp-json\/wp\/v2\/media?parent=5362"}],"wp:term":[{"taxonomy":"product_brand","embeddable":true,"href":"https:\/\/varietyarticles.com\/es\/wp-json\/wp\/v2\/product_brand?post=5362"},{"taxonomy":"product_cat","embeddable":true,"href":"https:\/\/varietyarticles.com\/es\/wp-json\/wp\/v2\/product_cat?post=5362"},{"taxonomy":"product_tag","embeddable":true,"href":"https:\/\/varietyarticles.com\/es\/wp-json\/wp\/v2\/product_tag?post=5362"}],"curies":[{"name":"wp","href":"https:\/\/api.w.org\/{rel}","templated":true}]}}