{"id":5356,"date":"2026-02-10T18:11:43","date_gmt":"2026-02-10T18:11:43","guid":{"rendered":"https:\/\/varietyarticles.com\/?post_type=product&#038;p=5356"},"modified":"2026-02-10T21:24:49","modified_gmt":"2026-02-10T21:24:49","slug":"mini-auditoria-del-rendimiento-del-sitio-web","status":"publish","type":"product","link":"https:\/\/varietyarticles.com\/es\/service\/website-performance-mini-audit\/","title":{"rendered":"Mini auditor\u00eda del rendimiento del sitio web"},"content":{"rendered":"<p>Realizamos una revisi\u00f3n t\u00e9cnica r\u00e1pida de su sitio web para identificar cuellos de botella en el rendimiento, problemas b\u00e1sicos de SEO y brechas de seguridad que puedan estar afectando a las conversiones y a la experiencia del usuario.<br \/>\n<br \/>\n<strong>Incluye:<\/strong><\/p>\n<ul>\n<li>An\u00e1lisis de la velocidad de la p\u00e1gina<\/li>\n<li>Comprobaci\u00f3n de la capacidad de respuesta m\u00f3vil<\/li>\n<li>Revisi\u00f3n b\u00e1sica de la estructura SEO<\/li>\n<li>An\u00e1lisis de vulnerabilidades de seguridad<\/li>\n<li>Informe resumido de mejoras de una p\u00e1gina.<\/li>\n<\/ul>","protected":false},"excerpt":{"rendered":"<p>Descubre qu\u00e9 est\u00e1 ralentizando tu sitio web en menos de dos d\u00edas.<\/p>","protected":false},"featured_media":5411,"template":"","meta":{"_acf_changed":false},"product_brand":[],"product_cat":[25],"product_tag":[],"class_list":{"0":"post-5356","1":"product","2":"type-product","3":"status-publish","4":"has-post-thumbnail","6":"product_cat-services-for-companies","8":"first","9":"instock","10":"shipping-taxable","11":"purchasable","12":"product-type-simple"},"acf":[],"_links":{"self":[{"href":"https:\/\/varietyarticles.com\/es\/wp-json\/wp\/v2\/product\/5356","targetHints":{"allow":["GET"]}}],"collection":[{"href":"https:\/\/varietyarticles.com\/es\/wp-json\/wp\/v2\/product"}],"about":[{"href":"https:\/\/varietyarticles.com\/es\/wp-json\/wp\/v2\/types\/product"}],"wp:featuredmedia":[{"embeddable":true,"href":"https:\/\/varietyarticles.com\/es\/wp-json\/wp\/v2\/media\/5411"}],"wp:attachment":[{"href":"https:\/\/varietyarticles.com\/es\/wp-json\/wp\/v2\/media?parent=5356"}],"wp:term":[{"taxonomy":"product_brand","embeddable":true,"href":"https:\/\/varietyarticles.com\/es\/wp-json\/wp\/v2\/product_brand?post=5356"},{"taxonomy":"product_cat","embeddable":true,"href":"https:\/\/varietyarticles.com\/es\/wp-json\/wp\/v2\/product_cat?post=5356"},{"taxonomy":"product_tag","embeddable":true,"href":"https:\/\/varietyarticles.com\/es\/wp-json\/wp\/v2\/product_tag?post=5356"}],"curies":[{"name":"wp","href":"https:\/\/api.w.org\/{rel}","templated":true}]}}