{"id":5259,"date":"2026-01-28T17:27:59","date_gmt":"2026-01-28T17:27:59","guid":{"rendered":"https:\/\/varietyarticles.com\/?post_type=product&#038;p=5259"},"modified":"2026-02-10T21:17:15","modified_gmt":"2026-02-10T21:17:15","slug":"capacitacion-en-concienciacion-sobre-seguridad-digital","status":"publish","type":"product","link":"https:\/\/varietyarticles.com\/es\/service\/digital-security-awareness-training\/","title":{"rendered":"Formaci\u00f3n en concienciaci\u00f3n sobre seguridad digital"},"content":{"rendered":"<p>Esta capacitaci\u00f3n ayuda a los empleados a reconocer las amenazas cibern\u00e9ticas, seguir las mejores pr\u00e1cticas de seguridad y reducir los incidentes de seguridad.<br \/>\n<br \/>\nIncluye:<br \/>\n&#8211; Training session<br \/>\n&#8211; Awareness materials<br \/>\n&#8211; Best practices guide<\/p>","protected":false},"excerpt":{"rendered":"<p>Reducir los riesgos de ciberseguridad relacionados con el factor humano.<\/p>","protected":false},"featured_media":5409,"template":"","meta":{"_acf_changed":false},"product_brand":[],"product_cat":[41],"product_tag":[],"class_list":{"0":"post-5259","1":"product","2":"type-product","3":"status-publish","4":"has-post-thumbnail","6":"product_cat-cybersecurity-data-protection","8":"first","9":"instock","10":"shipping-taxable","11":"purchasable","12":"product-type-simple"},"acf":[],"_links":{"self":[{"href":"https:\/\/varietyarticles.com\/es\/wp-json\/wp\/v2\/product\/5259","targetHints":{"allow":["GET"]}}],"collection":[{"href":"https:\/\/varietyarticles.com\/es\/wp-json\/wp\/v2\/product"}],"about":[{"href":"https:\/\/varietyarticles.com\/es\/wp-json\/wp\/v2\/types\/product"}],"wp:featuredmedia":[{"embeddable":true,"href":"https:\/\/varietyarticles.com\/es\/wp-json\/wp\/v2\/media\/5409"}],"wp:attachment":[{"href":"https:\/\/varietyarticles.com\/es\/wp-json\/wp\/v2\/media?parent=5259"}],"wp:term":[{"taxonomy":"product_brand","embeddable":true,"href":"https:\/\/varietyarticles.com\/es\/wp-json\/wp\/v2\/product_brand?post=5259"},{"taxonomy":"product_cat","embeddable":true,"href":"https:\/\/varietyarticles.com\/es\/wp-json\/wp\/v2\/product_cat?post=5259"},{"taxonomy":"product_tag","embeddable":true,"href":"https:\/\/varietyarticles.com\/es\/wp-json\/wp\/v2\/product_tag?post=5259"}],"curies":[{"name":"wp","href":"https:\/\/api.w.org\/{rel}","templated":true}]}}