{"id":5257,"date":"2026-01-28T17:25:36","date_gmt":"2026-01-28T17:25:36","guid":{"rendered":"https:\/\/varietyarticles.com\/?post_type=product&#038;p=5257"},"modified":"2026-02-10T21:14:02","modified_gmt":"2026-02-10T21:14:02","slug":"servicio-de-evaluacion-de-proveedores-de-ti","status":"publish","type":"product","link":"https:\/\/varietyarticles.com\/es\/service\/it-vendor-evaluation-service\/","title":{"rendered":"Servicio de evaluaci\u00f3n de proveedores de TI"},"content":{"rendered":"<p>Evaluamos a los proveedores de TI en funci\u00f3n de su adecuaci\u00f3n t\u00e9cnica, costo, escalabilidad y riesgo para respaldar una toma de decisiones segura.<br \/>\n<br \/>\nIncluye:<br \/>\n&#8211; Vendor comparison<br \/>\n&#8211; Recommendation report<\/p>","protected":false},"excerpt":{"rendered":"<p>Elija los proveedores de tecnolog\u00eda adecuados.<\/p>","protected":false},"featured_media":5407,"template":"","meta":{"_acf_changed":false},"product_brand":[],"product_cat":[43],"product_tag":[],"class_list":{"0":"post-5257","1":"product","2":"type-product","3":"status-publish","4":"has-post-thumbnail","6":"product_cat-customer-experience-business-operations","8":"first","9":"instock","10":"shipping-taxable","11":"purchasable","12":"product-type-simple"},"acf":[],"_links":{"self":[{"href":"https:\/\/varietyarticles.com\/es\/wp-json\/wp\/v2\/product\/5257","targetHints":{"allow":["GET"]}}],"collection":[{"href":"https:\/\/varietyarticles.com\/es\/wp-json\/wp\/v2\/product"}],"about":[{"href":"https:\/\/varietyarticles.com\/es\/wp-json\/wp\/v2\/types\/product"}],"wp:featuredmedia":[{"embeddable":true,"href":"https:\/\/varietyarticles.com\/es\/wp-json\/wp\/v2\/media\/5407"}],"wp:attachment":[{"href":"https:\/\/varietyarticles.com\/es\/wp-json\/wp\/v2\/media?parent=5257"}],"wp:term":[{"taxonomy":"product_brand","embeddable":true,"href":"https:\/\/varietyarticles.com\/es\/wp-json\/wp\/v2\/product_brand?post=5257"},{"taxonomy":"product_cat","embeddable":true,"href":"https:\/\/varietyarticles.com\/es\/wp-json\/wp\/v2\/product_cat?post=5257"},{"taxonomy":"product_tag","embeddable":true,"href":"https:\/\/varietyarticles.com\/es\/wp-json\/wp\/v2\/product_tag?post=5257"}],"curies":[{"name":"wp","href":"https:\/\/api.w.org\/{rel}","templated":true}]}}