{"id":5253,"date":"2026-01-28T17:17:09","date_gmt":"2026-01-28T17:17:09","guid":{"rendered":"https:\/\/varietyarticles.com\/?post_type=product&#038;p=5253"},"modified":"2026-02-10T21:04:07","modified_gmt":"2026-02-10T21:04:07","slug":"servicio-de-optimizacion-de-crm","status":"publish","type":"product","link":"https:\/\/varietyarticles.com\/es\/service\/crm-optimization-service\/","title":{"rendered":"Servicio de optimizaci\u00f3n de CRM"},"content":{"rendered":"<p>Este servicio revisa la configuraci\u00f3n, la calidad de los datos y el uso del CRM para mejorar la adopci\u00f3n, la precisi\u00f3n de los informes y la interacci\u00f3n con los clientes.<br \/>\n<br \/>\nIncluye:<br \/>\n&#8211; CRM audit<br \/>\n&#8211; Optimization roadmap<\/p>","protected":false},"excerpt":{"rendered":"<p>Mejora la eficiencia del CRM y el conocimiento sobre los clientes.<\/p>","protected":false},"featured_media":5402,"template":"","meta":{"_acf_changed":false},"product_brand":[],"product_cat":[43],"product_tag":[],"class_list":{"0":"post-5253","1":"product","2":"type-product","3":"status-publish","4":"has-post-thumbnail","6":"product_cat-customer-experience-business-operations","8":"first","9":"instock","10":"shipping-taxable","11":"purchasable","12":"product-type-simple"},"acf":[],"_links":{"self":[{"href":"https:\/\/varietyarticles.com\/es\/wp-json\/wp\/v2\/product\/5253","targetHints":{"allow":["GET"]}}],"collection":[{"href":"https:\/\/varietyarticles.com\/es\/wp-json\/wp\/v2\/product"}],"about":[{"href":"https:\/\/varietyarticles.com\/es\/wp-json\/wp\/v2\/types\/product"}],"wp:featuredmedia":[{"embeddable":true,"href":"https:\/\/varietyarticles.com\/es\/wp-json\/wp\/v2\/media\/5402"}],"wp:attachment":[{"href":"https:\/\/varietyarticles.com\/es\/wp-json\/wp\/v2\/media?parent=5253"}],"wp:term":[{"taxonomy":"product_brand","embeddable":true,"href":"https:\/\/varietyarticles.com\/es\/wp-json\/wp\/v2\/product_brand?post=5253"},{"taxonomy":"product_cat","embeddable":true,"href":"https:\/\/varietyarticles.com\/es\/wp-json\/wp\/v2\/product_cat?post=5253"},{"taxonomy":"product_tag","embeddable":true,"href":"https:\/\/varietyarticles.com\/es\/wp-json\/wp\/v2\/product_tag?post=5253"}],"curies":[{"name":"wp","href":"https:\/\/api.w.org\/{rel}","templated":true}]}}