{"id":5248,"date":"2026-01-28T17:11:02","date_gmt":"2026-01-28T17:11:02","guid":{"rendered":"https:\/\/varietyarticles.com\/?post_type=product&#038;p=5248"},"modified":"2026-02-10T20:51:04","modified_gmt":"2026-02-10T20:51:04","slug":"consultoria-de-integracion-de-api","status":"publish","type":"product","link":"https:\/\/varietyarticles.com\/es\/service\/api-integration-consulting\/","title":{"rendered":"Consultor\u00eda de integraci\u00f3n de API"},"content":{"rendered":"<p>Este servicio dise\u00f1a y optimiza integraciones basadas en API para garantizar un flujo de datos seguro y eficiente entre sistemas.<br \/>\n<br \/>\nIncluye:<br \/>\n&#8211; Integration architecture<br \/>\n&#8211; API strategy and documentation guidance<\/p>","protected":false},"excerpt":{"rendered":"<p>Integraciones perfectas de sistemas y plataformas.<\/p>","protected":false},"featured_media":5397,"template":"","meta":{"_acf_changed":false},"product_brand":[],"product_cat":[40],"product_tag":[],"class_list":{"0":"post-5248","1":"product","2":"type-product","3":"status-publish","4":"has-post-thumbnail","6":"product_cat-digital-transformation-integration","8":"first","9":"instock","10":"shipping-taxable","11":"purchasable","12":"product-type-simple"},"acf":[],"_links":{"self":[{"href":"https:\/\/varietyarticles.com\/es\/wp-json\/wp\/v2\/product\/5248","targetHints":{"allow":["GET"]}}],"collection":[{"href":"https:\/\/varietyarticles.com\/es\/wp-json\/wp\/v2\/product"}],"about":[{"href":"https:\/\/varietyarticles.com\/es\/wp-json\/wp\/v2\/types\/product"}],"wp:featuredmedia":[{"embeddable":true,"href":"https:\/\/varietyarticles.com\/es\/wp-json\/wp\/v2\/media\/5397"}],"wp:attachment":[{"href":"https:\/\/varietyarticles.com\/es\/wp-json\/wp\/v2\/media?parent=5248"}],"wp:term":[{"taxonomy":"product_brand","embeddable":true,"href":"https:\/\/varietyarticles.com\/es\/wp-json\/wp\/v2\/product_brand?post=5248"},{"taxonomy":"product_cat","embeddable":true,"href":"https:\/\/varietyarticles.com\/es\/wp-json\/wp\/v2\/product_cat?post=5248"},{"taxonomy":"product_tag","embeddable":true,"href":"https:\/\/varietyarticles.com\/es\/wp-json\/wp\/v2\/product_tag?post=5248"}],"curies":[{"name":"wp","href":"https:\/\/api.w.org\/{rel}","templated":true}]}}