{"id":5243,"date":"2026-01-28T17:02:44","date_gmt":"2026-01-28T17:02:44","guid":{"rendered":"https:\/\/varietyarticles.com\/?post_type=product&#038;p=5243"},"modified":"2026-02-10T20:31:29","modified_gmt":"2026-02-10T20:31:29","slug":"revision-de-la-optimizacion-de-costos-de-la-nube","status":"publish","type":"product","link":"https:\/\/varietyarticles.com\/es\/service\/cloud-cost-optimization-review\/","title":{"rendered":"Revisi\u00f3n de la optimizaci\u00f3n de costos en la nube"},"content":{"rendered":"<p>Analizamos el uso de la nube, las estructuras de facturaci\u00f3n y la asignaci\u00f3n de recursos para identificar ineficiencias y oportunidades de ahorro de costos.<br \/>\n<br \/>\nIncluye:<br \/>\n&#8211; Cloud cost analysis<br \/>\n&#8211; Optimization recommendations<br \/>\n&#8211; Estimated savings<\/p>","protected":false},"excerpt":{"rendered":"<p>Reduzca los costos innecesarios de infraestructura en la nube.<\/p>","protected":false},"featured_media":5387,"template":"","meta":{"_acf_changed":false},"product_brand":[],"product_cat":[42],"product_tag":[],"class_list":{"0":"post-5243","1":"product","2":"type-product","3":"status-publish","4":"has-post-thumbnail","6":"product_cat-data-analytics-business-intelligence","8":"first","9":"instock","10":"shipping-taxable","11":"purchasable","12":"product-type-simple"},"acf":[],"_links":{"self":[{"href":"https:\/\/varietyarticles.com\/es\/wp-json\/wp\/v2\/product\/5243","targetHints":{"allow":["GET"]}}],"collection":[{"href":"https:\/\/varietyarticles.com\/es\/wp-json\/wp\/v2\/product"}],"about":[{"href":"https:\/\/varietyarticles.com\/es\/wp-json\/wp\/v2\/types\/product"}],"wp:featuredmedia":[{"embeddable":true,"href":"https:\/\/varietyarticles.com\/es\/wp-json\/wp\/v2\/media\/5387"}],"wp:attachment":[{"href":"https:\/\/varietyarticles.com\/es\/wp-json\/wp\/v2\/media?parent=5243"}],"wp:term":[{"taxonomy":"product_brand","embeddable":true,"href":"https:\/\/varietyarticles.com\/es\/wp-json\/wp\/v2\/product_brand?post=5243"},{"taxonomy":"product_cat","embeddable":true,"href":"https:\/\/varietyarticles.com\/es\/wp-json\/wp\/v2\/product_cat?post=5243"},{"taxonomy":"product_tag","embeddable":true,"href":"https:\/\/varietyarticles.com\/es\/wp-json\/wp\/v2\/product_tag?post=5243"}],"curies":[{"name":"wp","href":"https:\/\/api.w.org\/{rel}","templated":true}]}}