{"id":4250,"date":"2025-10-21T20:11:32","date_gmt":"2025-10-21T20:11:32","guid":{"rendered":"https:\/\/varietyarticles.com\/?post_type=product&#038;p=4250"},"modified":"2026-02-02T14:45:50","modified_gmt":"2026-02-02T14:45:50","slug":"servicios-informaticos-sanitarios","status":"publish","type":"product","link":"https:\/\/varietyarticles.com\/es\/service\/healthcare-it-services\/","title":{"rendered":"Servicios inform\u00e1ticos sanitarios"},"content":{"rendered":"<p><strong>Art\u00edculos variados<\/strong> est\u00e1 preparado para evaluar, dise\u00f1ar, construir, modernizar y optimizar soluciones e infraestructuras de TI sanitarias para respaldar sus operaciones de TI cotidianas.<\/p>\n<p><em>Lo que los art\u00edculos variados pueden hacer por su empresa<\/em><\/p>\n<ul>\n<li>Experiencia laboral en HIPAA y HITECH.<\/li>\n<li>Sistema de control de calidad para software de dispositivos m\u00e9dicos.<\/li>\n<li>Experiencia con las normas del National Council for Prescription Drug Programs (NCPDP) para el intercambio electr\u00f3nico de informaci\u00f3n, como NCPDP D.0.<\/li>\n<\/ul>","protected":false},"excerpt":{"rendered":"<p>Los servicios de TI sanitarios incluyen digitalizaci\u00f3n sanitaria, modernizaci\u00f3n de TI, migraci\u00f3n a la nube, soporte de TI y mucho m\u00e1s.<\/p>\n<p><strong>Variety Articles<\/strong> ofrece servicios inform\u00e1ticos integrales que permiten a las organizaciones sanitarias acceder a una asistencia sanitaria basada en la tecnolog\u00eda sin necesidad de ampliar sus equipos inform\u00e1ticos internos.<\/p>","protected":false},"featured_media":4754,"template":"","meta":{"_acf_changed":false},"product_brand":[],"product_cat":[44,25],"product_tag":[],"class_list":{"0":"post-4250","1":"product","2":"type-product","3":"status-publish","4":"has-post-thumbnail","6":"product_cat-industry-focused-it-services","7":"product_cat-services-for-companies","9":"first","10":"instock","11":"shipping-taxable","12":"purchasable","13":"product-type-simple"},"acf":[],"_links":{"self":[{"href":"https:\/\/varietyarticles.com\/es\/wp-json\/wp\/v2\/product\/4250","targetHints":{"allow":["GET"]}}],"collection":[{"href":"https:\/\/varietyarticles.com\/es\/wp-json\/wp\/v2\/product"}],"about":[{"href":"https:\/\/varietyarticles.com\/es\/wp-json\/wp\/v2\/types\/product"}],"wp:featuredmedia":[{"embeddable":true,"href":"https:\/\/varietyarticles.com\/es\/wp-json\/wp\/v2\/media\/4754"}],"wp:attachment":[{"href":"https:\/\/varietyarticles.com\/es\/wp-json\/wp\/v2\/media?parent=4250"}],"wp:term":[{"taxonomy":"product_brand","embeddable":true,"href":"https:\/\/varietyarticles.com\/es\/wp-json\/wp\/v2\/product_brand?post=4250"},{"taxonomy":"product_cat","embeddable":true,"href":"https:\/\/varietyarticles.com\/es\/wp-json\/wp\/v2\/product_cat?post=4250"},{"taxonomy":"product_tag","embeddable":true,"href":"https:\/\/varietyarticles.com\/es\/wp-json\/wp\/v2\/product_tag?post=4250"}],"curies":[{"name":"wp","href":"https:\/\/api.w.org\/{rel}","templated":true}]}}