{"id":4249,"date":"2025-10-21T20:03:40","date_gmt":"2025-10-21T20:03:40","guid":{"rendered":"https:\/\/varietyarticles.com\/?post_type=product&#038;p=4249"},"modified":"2026-02-02T14:47:20","modified_gmt":"2026-02-02T14:47:20","slug":"servicios-y-soluciones-de-ti-para-la-industria-manufacturera","status":"publish","type":"product","link":"https:\/\/varietyarticles.com\/es\/service\/it-services-and-solutions-for-manufacturing\/","title":{"rendered":"Servicios y soluciones de TI para la industria"},"content":{"rendered":"<p>El equipo de Variety Articles analiza las operaciones de su empresa y proporciona soluciones inform\u00e1ticas s\u00f3lidas para aumentar la productividad de su empresa manufacturera y optimizar los costes operativos.<\/p>\n<p>Variedad de art\u00edculos Soluciones inform\u00e1ticas para la fabricaci\u00f3n agilice sus operaciones con:<\/p>\n<ul>\n<li>ERP<\/li>\n<li>Inteligencia empresarial<\/li>\n<li>Almac\u00e9n de datos<\/li>\n<li>RH<\/li>\n<li>Gesti\u00f3n de documentos<\/li>\n<li>Intranet<\/li>\n<\/ul>","protected":false},"excerpt":{"rendered":"<p>Con una experiencia absoluta en el desarrollo de software para la industria manufacturera, Variety Articles proporciona soluciones s\u00f3lidas y servicios relacionados para apoyar y modernizar las operaciones de negocio y mejorar la eficiencia operativa sin exceder los presupuestos de TI y optimizar los costes empresariales.<\/p>","protected":false},"featured_media":4776,"template":"","meta":{"_acf_changed":false},"product_brand":[],"product_cat":[44,25],"product_tag":[],"class_list":{"0":"post-4249","1":"product","2":"type-product","3":"status-publish","4":"has-post-thumbnail","6":"product_cat-industry-focused-it-services","7":"product_cat-services-for-companies","9":"first","10":"instock","11":"shipping-taxable","12":"purchasable","13":"product-type-simple"},"acf":[],"_links":{"self":[{"href":"https:\/\/varietyarticles.com\/es\/wp-json\/wp\/v2\/product\/4249","targetHints":{"allow":["GET"]}}],"collection":[{"href":"https:\/\/varietyarticles.com\/es\/wp-json\/wp\/v2\/product"}],"about":[{"href":"https:\/\/varietyarticles.com\/es\/wp-json\/wp\/v2\/types\/product"}],"wp:featuredmedia":[{"embeddable":true,"href":"https:\/\/varietyarticles.com\/es\/wp-json\/wp\/v2\/media\/4776"}],"wp:attachment":[{"href":"https:\/\/varietyarticles.com\/es\/wp-json\/wp\/v2\/media?parent=4249"}],"wp:term":[{"taxonomy":"product_brand","embeddable":true,"href":"https:\/\/varietyarticles.com\/es\/wp-json\/wp\/v2\/product_brand?post=4249"},{"taxonomy":"product_cat","embeddable":true,"href":"https:\/\/varietyarticles.com\/es\/wp-json\/wp\/v2\/product_cat?post=4249"},{"taxonomy":"product_tag","embeddable":true,"href":"https:\/\/varietyarticles.com\/es\/wp-json\/wp\/v2\/product_tag?post=4249"}],"curies":[{"name":"wp","href":"https:\/\/api.w.org\/{rel}","templated":true}]}}