{"id":4248,"date":"2025-10-21T19:35:00","date_gmt":"2025-10-21T19:35:00","guid":{"rendered":"https:\/\/varietyarticles.com\/?post_type=product&#038;p=4248"},"modified":"2026-02-02T14:48:22","modified_gmt":"2026-02-02T14:48:22","slug":"soluciones-informaticas-para-servicios-profesionales","status":"publish","type":"product","link":"https:\/\/varietyarticles.com\/es\/service\/it-solutions-for-professional-services\/","title":{"rendered":"Soluciones inform\u00e1ticas para servicios profesionales"},"content":{"rendered":"<p>Variety Articles permite a las empresas de servicios profesionales atraer nuevos clientes mediante canales de prestaci\u00f3n de servicios digitales y optimizar los procesos empresariales internos, como la gesti\u00f3n de proyectos y la colaboraci\u00f3n entre empleados.<\/p>\n<p><em>\u00bfQu\u00e9 hace que Variety Articles sea un socio confiable?<\/em><\/p>\n<p>&nbsp;<\/p>\n<ul>\n<li>A\u00f1os de experiencia en TI para servicios profesionales<\/li>\n<li>Aumentar el reconocimiento de la marca<\/li>\n<li>Marketing de contenidos<\/li>\n<li>Venta a largo plazo<\/li>\n<li>Asesoramiento Venta<\/li>\n<li>Desarrollo de cuentas<\/li>\n<li>Prestaci\u00f3n de servicios digitales<\/li>\n<li>Autoservicio para clientes<\/li>\n<li>Aumento y mejora de datos<\/li>\n<li>Visualizaci\u00f3n de datos y conocimientos<\/li>\n<li>Gesti\u00f3n de proyectos y recursos humanos<\/li>\n<\/ul>","protected":false},"excerpt":{"rendered":"<p>Art\u00edculos de Variety Servicios profesionales Las soluciones de TI permiten a las organizaciones digitalizar la prestaci\u00f3n de servicios y automatizar las operaciones internas para aumentar la productividad y obtener una ventaja competitiva en su sector.<\/p>","protected":false},"featured_media":4779,"template":"","meta":{"_acf_changed":false},"product_brand":[],"product_cat":[44,25],"product_tag":[],"class_list":{"0":"post-4248","1":"product","2":"type-product","3":"status-publish","4":"has-post-thumbnail","6":"product_cat-industry-focused-it-services","7":"product_cat-services-for-companies","9":"first","10":"instock","11":"shipping-taxable","12":"purchasable","13":"product-type-simple"},"acf":[],"_links":{"self":[{"href":"https:\/\/varietyarticles.com\/es\/wp-json\/wp\/v2\/product\/4248","targetHints":{"allow":["GET"]}}],"collection":[{"href":"https:\/\/varietyarticles.com\/es\/wp-json\/wp\/v2\/product"}],"about":[{"href":"https:\/\/varietyarticles.com\/es\/wp-json\/wp\/v2\/types\/product"}],"wp:featuredmedia":[{"embeddable":true,"href":"https:\/\/varietyarticles.com\/es\/wp-json\/wp\/v2\/media\/4779"}],"wp:attachment":[{"href":"https:\/\/varietyarticles.com\/es\/wp-json\/wp\/v2\/media?parent=4248"}],"wp:term":[{"taxonomy":"product_brand","embeddable":true,"href":"https:\/\/varietyarticles.com\/es\/wp-json\/wp\/v2\/product_brand?post=4248"},{"taxonomy":"product_cat","embeddable":true,"href":"https:\/\/varietyarticles.com\/es\/wp-json\/wp\/v2\/product_cat?post=4248"},{"taxonomy":"product_tag","embeddable":true,"href":"https:\/\/varietyarticles.com\/es\/wp-json\/wp\/v2\/product_tag?post=4248"}],"curies":[{"name":"wp","href":"https:\/\/api.w.org\/{rel}","templated":true}]}}