{"id":4246,"date":"2025-10-21T19:31:17","date_gmt":"2025-10-21T19:31:17","guid":{"rendered":"https:\/\/varietyarticles.com\/?post_type=product&#038;p=4246"},"modified":"2026-02-02T14:48:59","modified_gmt":"2026-02-02T14:48:59","slug":"servicios-y-soluciones-informaticos-bancarios","status":"publish","type":"product","link":"https:\/\/varietyarticles.com\/es\/service\/banking-it-services-and-solutions\/","title":{"rendered":"Servicios y soluciones inform\u00e1ticas para la banca"},"content":{"rendered":"<p>Tanto si implementa una soluci\u00f3n desde cero como si actualiza su software obsoleto actual, Variety Articles ofrece un amplio conjunto de funciones para garantizar la aplicaci\u00f3n de las mejores pr\u00e1cticas de banca en l\u00ednea.<\/p>\n<p>Le ayudaremos a implantar los siguientes tipos de an\u00e1lisis de datos bancarios:<\/p>\n<ul>\n<li>An\u00e1lisis de clientes (segmentaci\u00f3n de clientes, an\u00e1lisis de rotaci\u00f3n, an\u00e1lisis del efecto de las ventas cruzadas, etc.).<\/li>\n<li>An\u00e1lisis de canales (an\u00e1lisis de transacciones en sucursales y tr\u00e1fico de clientes, an\u00e1lisis de patrones de clic, sitios web visitados con frecuencia, comportamiento de b\u00fasqueda, funciones de banca m\u00f3vil m\u00e1s utilizadas, etc.).<\/li>\n<li>An\u00e1lisis de marketing (por ejemplo, el \u00e9xito de las campa\u00f1as de marketing o los factores que impulsan el crecimiento de las ventas).<\/li>\n<li>An\u00e1lisis de riesgos (riesgo de cr\u00e9dito, riesgo de mercado, riesgo operativo, riesgo de liquidez, etc.).<\/li>\n<li>An\u00e1lisis del rendimiento (como el rendimiento de las ventas, el rendimiento de los canales digitales y en tienda, y la rentabilidad).<\/li>\n<\/ul>","protected":false},"excerpt":{"rendered":"<p>Variety Articles trabaja con bancos minoristas y comerciales para desarrollar soluciones bancarias adaptadas a las diversas caracter\u00edsticas del p\u00fablico.<\/p>","protected":false},"featured_media":4780,"template":"","meta":{"_acf_changed":false},"product_brand":[],"product_cat":[44,25],"product_tag":[],"class_list":{"0":"post-4246","1":"product","2":"type-product","3":"status-publish","4":"has-post-thumbnail","6":"product_cat-industry-focused-it-services","7":"product_cat-services-for-companies","9":"first","10":"instock","11":"shipping-taxable","12":"purchasable","13":"product-type-simple"},"acf":[],"_links":{"self":[{"href":"https:\/\/varietyarticles.com\/es\/wp-json\/wp\/v2\/product\/4246","targetHints":{"allow":["GET"]}}],"collection":[{"href":"https:\/\/varietyarticles.com\/es\/wp-json\/wp\/v2\/product"}],"about":[{"href":"https:\/\/varietyarticles.com\/es\/wp-json\/wp\/v2\/types\/product"}],"wp:featuredmedia":[{"embeddable":true,"href":"https:\/\/varietyarticles.com\/es\/wp-json\/wp\/v2\/media\/4780"}],"wp:attachment":[{"href":"https:\/\/varietyarticles.com\/es\/wp-json\/wp\/v2\/media?parent=4246"}],"wp:term":[{"taxonomy":"product_brand","embeddable":true,"href":"https:\/\/varietyarticles.com\/es\/wp-json\/wp\/v2\/product_brand?post=4246"},{"taxonomy":"product_cat","embeddable":true,"href":"https:\/\/varietyarticles.com\/es\/wp-json\/wp\/v2\/product_cat?post=4246"},{"taxonomy":"product_tag","embeddable":true,"href":"https:\/\/varietyarticles.com\/es\/wp-json\/wp\/v2\/product_tag?post=4246"}],"curies":[{"name":"wp","href":"https:\/\/api.w.org\/{rel}","templated":true}]}}