{"id":4231,"date":"2025-10-21T06:38:13","date_gmt":"2025-10-21T06:38:13","guid":{"rendered":"https:\/\/varietyarticles.com\/?post_type=product&#038;p=4231"},"modified":"2026-02-11T19:44:41","modified_gmt":"2026-02-11T19:44:41","slug":"soluciones-tecnologicas-inteligentes-para-el-transporte-de-ti-y-la-logistica","status":"publish","type":"product","link":"https:\/\/varietyarticles.com\/es\/service\/smart-logistics-it-transportation-technology-solutions\/","title":{"rendered":"Soluciones inteligentes de log\u00edstica, TI y tecnolog\u00eda del transporte"},"content":{"rendered":"<p>In today\u2019s logistics ecosystem, margins are tighter, customer expectations are higher, and operational complexity is increasing.<\/p>\n<p>Variety Articles delivers specialized IT services and transportation-focused software solutions that help logistics and freight organizations modernize operations, improve cost control, and enhance customer experience through structured digital transformation.<\/p>\n<p>We support freight forwarders, logistics operators, transportation providers, and digital freight platforms with scalable, subscription-based technology solutions and strategic advisory.<\/p>\n<p>Nuestras soluciones ayudan a las empresas a:<\/p>\n<ul>\n<li style=\"list-style-type: none;\">\n<ul>\n<li>Automatizar el c\u00e1lculo de los costos de transporte<\/li>\n<li>Optimice la planificaci\u00f3n de la flota y las rutas<\/li>\n<li>Asignar los gastos de env\u00edo con precisi\u00f3n<\/li>\n<li>Supervise los gastos operativos en tiempo real.<\/li>\n<li>Mejorar la previsi\u00f3n de la demanda<\/li>\n<li>Aumentar la transparencia en todas las operaciones log\u00edsticas.<\/li>\n<li>Reduzca el consumo de combustible, el mantenimiento y las ineficiencias operativas.<\/li>\n<\/ul>\n<\/ul>\n<p>\n<strong><em>Opciones de servicio:<\/em><\/strong><\/p>\n<p><strong>Programa de Tecnolog\u00eda Log\u00edstica \u2013 1 a\u00f1o<\/strong><\/p>\n<p>Ideal para empresas de log\u00edstica peque\u00f1as y medianas que buscan visibilidad operativa y optimizaci\u00f3n digital estructurada.<\/p>\n<ul>\n<li style=\"list-style-type: none;\">\n<ul>\n<li style=\"list-style-type: none;\">\n<ul>\n<li>Implementaci\u00f3n de software de log\u00edstica (m\u00f3dulos b\u00e1sicos)<\/li>\n<li>Sistema de c\u00e1lculo de costos de transporte<\/li>\n<li>Panel de control para el seguimiento de los gastos operativos<\/li>\n<li>Herramientas de asignaci\u00f3n de costos de env\u00edo<\/li>\n<li>Marco de reporte de desempe\u00f1o<\/li>\n<li>Apoyo para la implementaci\u00f3n y la incorporaci\u00f3n<\/li>\n<li>Asistencia t\u00e9cnica continua<\/li>\n<\/ul>\n<\/li>\n<\/ul>\n<\/li>\n<\/ul>\n<p>\nEntrega y activaci\u00f3n: 30 d\u00edas, dependiendo de las necesidades de integraci\u00f3n.<br \/>\n<br \/>Duraci\u00f3n del programa: 1 a\u00f1o<\/p>\n<p><strong>Programa de Tecnolog\u00eda Log\u00edstica Estrat\u00e9gica \u2013 2 a\u00f1os<\/strong><\/p>\n<p>Para operaciones log\u00edsticas en crecimiento o complejas que requieren una mayor integraci\u00f3n y optimizaci\u00f3n del rendimiento.<\/p>\n<ul>\n<li style=\"list-style-type: none;\">\n<ul>\n<li style=\"list-style-type: none;\">\n<ul>\n<li>Implementaci\u00f3n de software de log\u00edstica avanzada<\/li>\n<li>Integraci\u00f3n de sistemas de m\u00faltiples fuentes<\/li>\n<li>Modelos mejorados de optimizaci\u00f3n de costos<\/li>\n<li>Herramientas de pron\u00f3stico operativo<\/li>\n<li>An\u00e1lisis del rendimiento en tiempo real<\/li>\n<li>Asesor\u00eda tecnol\u00f3gica estrat\u00e9gica<\/li>\n<li>Hoja de ruta para la optimizaci\u00f3n continua<\/li>\n<li>Asistencia t\u00e9cnica prioritaria<\/li>\n<\/ul>\n<\/li>\n<\/ul>\n<\/li>\n<\/ul>\n<p>\nEntrega y activaci\u00f3n: 30 d\u00edas, dependiendo del alcance.<br \/>\n<br \/>\nDuraci\u00f3n del programa: 2 a\u00f1os<\/p>\n<p><strong>A qui\u00e9nes atendemos<\/strong><\/p>\n<ul>\n<li style=\"list-style-type: none;\">\n<ul>\n<li>Agentes de transporte y proveedores de 3PL\/4PL<\/li>\n<li>Operadores de transporte por carretera, ferrocarril, mar\u00edtimo y a\u00e9reo<\/li>\n<li>Empresas de entrega de \u00faltima milla<\/li>\n<li>Proveedores de CEP (B2B y B2C)<\/li>\n<li>Plataformas digitales de transporte de mercanc\u00edas<\/li>\n<li>Empresas que desarrollan productos de tecnolog\u00eda log\u00edstica<\/li>\n<\/ul>\n<\/li>\n<\/ul>","protected":false},"excerpt":{"rendered":"<p>Las soluciones tecnol\u00f3gicas y de software est\u00e1n dise\u00f1adas para modernizar las operaciones de transporte y log\u00edstica mediante la automatizaci\u00f3n inteligente, el control de costos y la visibilidad del rendimiento en tiempo real.<\/p>","protected":false},"featured_media":4781,"template":"","meta":{"_acf_changed":false},"product_brand":[],"product_cat":[44,25],"product_tag":[],"class_list":{"0":"post-4231","1":"product","2":"type-product","3":"status-publish","4":"has-post-thumbnail","6":"product_cat-industry-focused-it-services","7":"product_cat-services-for-companies","9":"first","10":"instock","11":"shipping-taxable","12":"purchasable","13":"product-type-variable"},"acf":[],"_links":{"self":[{"href":"https:\/\/varietyarticles.com\/es\/wp-json\/wp\/v2\/product\/4231","targetHints":{"allow":["GET"]}}],"collection":[{"href":"https:\/\/varietyarticles.com\/es\/wp-json\/wp\/v2\/product"}],"about":[{"href":"https:\/\/varietyarticles.com\/es\/wp-json\/wp\/v2\/types\/product"}],"wp:featuredmedia":[{"embeddable":true,"href":"https:\/\/varietyarticles.com\/es\/wp-json\/wp\/v2\/media\/4781"}],"wp:attachment":[{"href":"https:\/\/varietyarticles.com\/es\/wp-json\/wp\/v2\/media?parent=4231"}],"wp:term":[{"taxonomy":"product_brand","embeddable":true,"href":"https:\/\/varietyarticles.com\/es\/wp-json\/wp\/v2\/product_brand?post=4231"},{"taxonomy":"product_cat","embeddable":true,"href":"https:\/\/varietyarticles.com\/es\/wp-json\/wp\/v2\/product_cat?post=4231"},{"taxonomy":"product_tag","embeddable":true,"href":"https:\/\/varietyarticles.com\/es\/wp-json\/wp\/v2\/product_tag?post=4231"}],"curies":[{"name":"wp","href":"https:\/\/api.w.org\/{rel}","templated":true}]}}