{"id":3730,"date":"2025-10-21T01:03:53","date_gmt":"2025-10-21T01:03:53","guid":{"rendered":"https:\/\/varietyarticles.com\/?post_type=product&#038;p=3730"},"modified":"2026-02-11T18:09:38","modified_gmt":"2026-02-11T18:09:38","slug":"servicios-de-asesoria-en-analisis-de-la-nube","status":"publish","type":"product","link":"https:\/\/varietyarticles.com\/es\/service\/cloud-analytics-advisory-services\/","title":{"rendered":"Servicios de asesor\u00eda en an\u00e1lisis de la nube"},"content":{"rendered":"<p>Variety Articles provide structured Cloud Analytics services that help organizations convert raw data into strategic insight.<\/p>\n<p>Many companies collect data \u2014 few truly leverage it. Our Cloud Analytics Advisory Services are designed to bridge that gap by aligning business objectives with intelligent analytics frameworks, KPI structures, dashboards, and actionable insights.<\/p>\n<p>Whether you are starting your analytics journey or optimizing a complex cloud data environment, we provide scalable service tiers to match your operational maturity and growth ambitions.<\/p>\n<p>Our services support decision-making across:<\/p>\n<ul>\n<li>Finanzas y optimizaci\u00f3n de costos<\/li>\n<li>Rendimiento operativo<\/li>\n<li>Gesti\u00f3n de riesgos<\/li>\n<li>Experiencia del cliente<\/li>\n<li>An\u00e1lisis de mercadotecnia<\/li>\n<li>Informes ejecutivos<\/li>\n<\/ul>\n<p>Cada nivel de servicio define claramente el alcance, los resultados esperados, el calendario y los niveles de asistencia para garantizar la transparencia y unos resultados predecibles.<\/p>\n<p><em><strong>Opciones de servicio:<\/strong><\/em><\/p>\n<p><strong>An\u00e1lisis b\u00e1sico de la nube<\/strong><br \/>\n<br \/>\nIdeal para equipos peque\u00f1os que est\u00e1n iniciando su andadura en el mundo del an\u00e1lisis.<\/p>\n<ul>\n<li>Revisi\u00f3n de 1 fuente de datos<\/li>\n<li>Hasta 5 KPI definidos<\/li>\n<li>1 panel de control ejecutivo<\/li>\n<li>Sesi\u00f3n de resumen de conclusiones<\/li>\n<\/ul>\n<p>Entrega: 7 d\u00edas h\u00e1biles<\/p>\n<p><strong>An\u00e1lisis est\u00e1ndar en la nube<\/strong><br \/>\n<br \/>\nPara empresas en crecimiento que necesitan una visibilidad estructurada del rendimiento.<\/p>\n<ul>\n<li>Hasta 3 fuentes de datos<\/li>\n<li>8-12 KPI<\/li>\n<li>2-3 paneles de control<\/li>\n<li>Informe de informaci\u00f3n sobre el rendimiento<\/li>\n<li>Sesi\u00f3n de estrategia incluida<\/li>\n<\/ul>\n<p>Entrega: 12 d\u00edas h\u00e1biles<\/p>\n<p><strong>Premium Cloud Analytics<\/strong><br \/>\n<br \/>\nPara organizaciones que buscan una optimizaci\u00f3n m\u00e1s profunda y visibilidad entre funciones.<\/p>\n<ul>\n<li>Hasta 5 fuentes de datos<\/li>\n<li>Arquitectura avanzada de KPI<\/li>\n<li>Cuadros de mando a nivel de departamento<\/li>\n<li>Informe ejecutivo de an\u00e1lisis<\/li>\n<li>Sesi\u00f3n de presentaci\u00f3n estrat\u00e9gica<\/li>\n<\/ul>\n<p>Entrega: 20 d\u00edas h\u00e1biles<\/p>\n<p><strong>An\u00e1lisis empresarial en la nube<\/strong><br \/>\n<br \/>\nAn\u00e1lisis a nivel empresarial e inteligencia para la toma de decisiones estrat\u00e9gicas.<\/p>\n<ul>\n<li>Revisi\u00f3n de integraci\u00f3n de m\u00faltiples fuentes<\/li>\n<li>Marco de KPI empresarial<\/li>\n<li>Cuadros de mando interdepartamentales<\/li>\n<li>Hoja de ruta de an\u00e1lisis estrat\u00e9gico<\/li>\n<li>Sesiones de talleres ejecutivos<\/li>\n<\/ul>\n<p>Entrega: 30 d\u00edas h\u00e1biles<\/p>","protected":false},"excerpt":{"rendered":"<p>Las soluciones de an\u00e1lisis en la nube escalables est\u00e1n dise\u00f1adas para ayudar a su organizaci\u00f3n a ganar visibilidad, mejorar el rendimiento y tomar decisiones basadas en datos con confianza.<\/p>","protected":false},"featured_media":4787,"template":"","meta":{"_acf_changed":false},"product_brand":[],"product_cat":[42],"product_tag":[],"class_list":{"0":"post-3730","1":"product","2":"type-product","3":"status-publish","4":"has-post-thumbnail","6":"product_cat-data-analytics-business-intelligence","8":"first","9":"instock","10":"shipping-taxable","11":"purchasable","12":"product-type-variable"},"acf":[],"_links":{"self":[{"href":"https:\/\/varietyarticles.com\/es\/wp-json\/wp\/v2\/product\/3730","targetHints":{"allow":["GET"]}}],"collection":[{"href":"https:\/\/varietyarticles.com\/es\/wp-json\/wp\/v2\/product"}],"about":[{"href":"https:\/\/varietyarticles.com\/es\/wp-json\/wp\/v2\/types\/product"}],"wp:featuredmedia":[{"embeddable":true,"href":"https:\/\/varietyarticles.com\/es\/wp-json\/wp\/v2\/media\/4787"}],"wp:attachment":[{"href":"https:\/\/varietyarticles.com\/es\/wp-json\/wp\/v2\/media?parent=3730"}],"wp:term":[{"taxonomy":"product_brand","embeddable":true,"href":"https:\/\/varietyarticles.com\/es\/wp-json\/wp\/v2\/product_brand?post=3730"},{"taxonomy":"product_cat","embeddable":true,"href":"https:\/\/varietyarticles.com\/es\/wp-json\/wp\/v2\/product_cat?post=3730"},{"taxonomy":"product_tag","embeddable":true,"href":"https:\/\/varietyarticles.com\/es\/wp-json\/wp\/v2\/product_tag?post=3730"}],"curies":[{"name":"wp","href":"https:\/\/api.w.org\/{rel}","templated":true}]}}