{"id":3728,"date":"2025-10-21T00:49:50","date_gmt":"2025-10-21T00:49:50","guid":{"rendered":"https:\/\/varietyarticles.com\/?post_type=product&#038;p=3728"},"modified":"2026-01-28T17:35:16","modified_gmt":"2026-01-28T17:35:16","slug":"experiencia-del-cliente","status":"publish","type":"product","link":"https:\/\/varietyarticles.com\/es\/service\/customer-experience\/","title":{"rendered":"Experiencia del cliente"},"content":{"rendered":"<p><strong>Variety Articles<\/strong> entiende la necesidad de poseer la mejor experiencia del cliente en el negocio. Nuestro enfoque se centra en la empat\u00eda y el prop\u00f3sito, experiencias de cliente de alto impacto que a\u00f1aden valor a largo plazo para el cliente, su organizaci\u00f3n y la sociedad.<\/p>\n<p><strong><em>Qu\u00e9 hace Variety Articles por usted<\/em><\/strong><\/p>\n<p>To stay relevant in today\u2019s market, companies must adapt constantly and rapidly. Customers expect better and better interaction when approaching a business with a service need. This customer awareness has forced organizations to ask questions for improvement.<\/p>\n<p>How can we improve?<\/p>\n<p>How can our customers know we are better?<\/p>\n<p>Which experience will lead them to want to share their interaction with others?<\/p>\n<p><strong>Variety Articles<\/strong> pueden ayudarle a mejorar el servicio al cliente y a dise\u00f1ar y priorizar rigurosamente experiencias de cliente que le diferencien en el mercado e impulsen un \u00e9xito acelerado.<\/p>\n<ul>\n<li>Innovaci\u00f3n a trav\u00e9s de una formaci\u00f3n de categor\u00eda mundial<\/li>\n<li>Priorizar el compromiso del cliente<\/li>\n<li>Mejorar la experiencia del cliente en todo tipo de plataformas con pasos sencillos<\/li>\n<\/ul>","protected":false},"excerpt":{"rendered":"<p>Variety Articles team can help you improve customer service and rigorously design and prioritize customer experiences that set you apart in the marketplace and drive accelerated success.<\/p>\n<p>Services include:<\/p>\n<ul>\n<li>Innovaci\u00f3n a trav\u00e9s de una formaci\u00f3n de categor\u00eda mundial<\/li>\n<li>Dar prioridad a la captaci\u00f3n de clientes<\/li>\n<li>Mejore la experiencia del cliente en todo tipo de plataformas con sencillos pasos<\/li>\n<\/ul>","protected":false},"featured_media":4789,"template":"","meta":{"_acf_changed":false},"product_brand":[],"product_cat":[43],"product_tag":[],"class_list":{"0":"post-3728","1":"product","2":"type-product","3":"status-publish","4":"has-post-thumbnail","6":"product_cat-customer-experience-business-operations","8":"first","9":"instock","10":"shipping-taxable","11":"purchasable","12":"product-type-simple"},"acf":[],"_links":{"self":[{"href":"https:\/\/varietyarticles.com\/es\/wp-json\/wp\/v2\/product\/3728","targetHints":{"allow":["GET"]}}],"collection":[{"href":"https:\/\/varietyarticles.com\/es\/wp-json\/wp\/v2\/product"}],"about":[{"href":"https:\/\/varietyarticles.com\/es\/wp-json\/wp\/v2\/types\/product"}],"wp:featuredmedia":[{"embeddable":true,"href":"https:\/\/varietyarticles.com\/es\/wp-json\/wp\/v2\/media\/4789"}],"wp:attachment":[{"href":"https:\/\/varietyarticles.com\/es\/wp-json\/wp\/v2\/media?parent=3728"}],"wp:term":[{"taxonomy":"product_brand","embeddable":true,"href":"https:\/\/varietyarticles.com\/es\/wp-json\/wp\/v2\/product_brand?post=3728"},{"taxonomy":"product_cat","embeddable":true,"href":"https:\/\/varietyarticles.com\/es\/wp-json\/wp\/v2\/product_cat?post=3728"},{"taxonomy":"product_tag","embeddable":true,"href":"https:\/\/varietyarticles.com\/es\/wp-json\/wp\/v2\/product_tag?post=3728"}],"curies":[{"name":"wp","href":"https:\/\/api.w.org\/{rel}","templated":true}]}}