{"id":3718,"date":"2025-10-21T00:23:55","date_gmt":"2025-10-21T00:23:55","guid":{"rendered":"https:\/\/varietyarticles.com\/?post_type=product&#038;p=3718"},"modified":"2026-02-11T19:13:49","modified_gmt":"2026-02-11T19:13:49","slug":"asesoria-en-transformacion-de-estrategias-digitales","status":"publish","type":"product","link":"https:\/\/varietyarticles.com\/es\/service\/digital-strategy-transformation-advisory\/","title":{"rendered":"Asesor\u00eda en estrategia y transformaci\u00f3n digital"},"content":{"rendered":"<p>Digital transformation is not about tools, it\u2019s about business evolution.<\/p>\n<p>At Variety Articles, we help companies rethink how they operate, serve customers, generate revenue, and use technology strategically. Our advisory combines business insight, digital execution, and market intelligence to ensure measurable and sustainable results.<\/p>\n<p>From operational modernization to customer experience redesign and cloud enablement, we guide organizations through structured, scalable digital growth.<\/p>\n<p><em><strong>Opciones de servicio:<\/strong><\/em><\/p>\n<p><strong>Transformaci\u00f3n de la Fundaci\u00f3n<\/strong><br \/>\n<br \/>\nIdeal para empresas que est\u00e1n iniciando su proceso de modernizaci\u00f3n digital estructurada.<\/p>\n<ul>\n<li>Evaluaci\u00f3n de la madurez digital<\/li>\n<li>Auditor\u00eda de oportunidades de transformaci\u00f3n<\/li>\n<li>Revisi\u00f3n de la marca y el posicionamiento<\/li>\n<li>Evaluaci\u00f3n del CRM y del recorrido del cliente<\/li>\n<li>Recomendaciones de integraci\u00f3n tecnol\u00f3gica de alto nivel<\/li>\n<li>Hoja de ruta estrat\u00e9gica (plan de acci\u00f3n de 90 d\u00edas)<\/li>\n<\/ul>\n<p>Entrega: 18 d\u00edas h\u00e1biles<\/p>\n<p><strong>Transformaci\u00f3n evolutiva<\/strong><br \/>\n<br \/>\nPara organizaciones preparadas para una aceleraci\u00f3n digital estructurada a nivel empresarial.<\/p>\n<ul>\n<li>Auditor\u00eda integral de la transformaci\u00f3n digital<\/li>\n<li>An\u00e1lisis del modelo de negocio y de las fuentes de ingresos<\/li>\n<li>Alineaci\u00f3n del ecosistema tecnol\u00f3gico y de la nube<\/li>\n<li>Estrategia de optimizaci\u00f3n e implementaci\u00f3n de CRM<\/li>\n<li>Inteligencia competitiva y revisi\u00f3n del posicionamiento en el mercado<\/li>\n<li>Estrategia de comercio electr\u00f3nico y canales digitales<\/li>\n<li>Marco de optimizaci\u00f3n de la tasa de conversi\u00f3n (CRO)<\/li>\n<li>Hoja de ruta para la transformaci\u00f3n ejecutiva (6-12 meses)<\/li>\n<li>Las sesiones del taller de estrategia incluyeron<\/li>\n<\/ul>\n<p>Entrega: 30 d\u00edas h\u00e1biles<\/p>\n<p>&nbsp;<\/p>","protected":false},"excerpt":{"rendered":"<p>Ayudamos a las organizaciones a redise\u00f1ar sus operaciones, la experiencia del cliente y su ecosistema tecnol\u00f3gico para competir y crecer en la econom\u00eda digital.<\/p>","protected":false},"featured_media":4790,"template":"","meta":{"_acf_changed":false},"product_brand":[],"product_cat":[40],"product_tag":[],"class_list":{"0":"post-3718","1":"product","2":"type-product","3":"status-publish","4":"has-post-thumbnail","6":"product_cat-digital-transformation-integration","8":"first","9":"instock","10":"shipping-taxable","11":"purchasable","12":"product-type-variable"},"acf":[],"_links":{"self":[{"href":"https:\/\/varietyarticles.com\/es\/wp-json\/wp\/v2\/product\/3718","targetHints":{"allow":["GET"]}}],"collection":[{"href":"https:\/\/varietyarticles.com\/es\/wp-json\/wp\/v2\/product"}],"about":[{"href":"https:\/\/varietyarticles.com\/es\/wp-json\/wp\/v2\/types\/product"}],"wp:featuredmedia":[{"embeddable":true,"href":"https:\/\/varietyarticles.com\/es\/wp-json\/wp\/v2\/media\/4790"}],"wp:attachment":[{"href":"https:\/\/varietyarticles.com\/es\/wp-json\/wp\/v2\/media?parent=3718"}],"wp:term":[{"taxonomy":"product_brand","embeddable":true,"href":"https:\/\/varietyarticles.com\/es\/wp-json\/wp\/v2\/product_brand?post=3718"},{"taxonomy":"product_cat","embeddable":true,"href":"https:\/\/varietyarticles.com\/es\/wp-json\/wp\/v2\/product_cat?post=3718"},{"taxonomy":"product_tag","embeddable":true,"href":"https:\/\/varietyarticles.com\/es\/wp-json\/wp\/v2\/product_tag?post=3718"}],"curies":[{"name":"wp","href":"https:\/\/api.w.org\/{rel}","templated":true}]}}