{"id":3713,"date":"2025-10-21T00:12:21","date_gmt":"2025-10-21T00:12:21","guid":{"rendered":"https:\/\/varietyarticles.com\/?post_type=product&#038;p=3713"},"modified":"2026-02-11T21:27:19","modified_gmt":"2026-02-11T21:27:19","slug":"asesoramiento-sobre-resiliencia-ante-riesgos-empresariales","status":"publish","type":"product","link":"https:\/\/varietyarticles.com\/es\/service\/enterprise-risk-resilience-advisory\/","title":{"rendered":"Asesor\u00eda en riesgos y resiliencia empresarial"},"content":{"rendered":"<p>Risk today is multidimensional. It can arise from operations, technology, regulation, market volatility, cyber exposure, supply chains, or internal governance gaps.<\/p>\n<p>Organizations that manage risk proactively outperform those that react to disruption.<\/p>\n<p>Variety Articles provides structured Risk Advisory services that help businesses identify vulnerabilities, improve risk visibility, strengthen internal controls, and build resilient operational frameworks aligned with growth objectives.<\/p>\n<p>Ayudamos a las organizaciones a:<br \/>\n<\/p>\n<ul>\n<li>Identificar los riesgos estrat\u00e9gicos y operativos.<\/li>\n<li>Mejorar la gobernanza y la postura de cumplimiento normativo.<\/li>\n<li>Fortalecer la planificaci\u00f3n de la continuidad del negocio.<\/li>\n<li>Aumentar la confianza de las partes interesadas<\/li>\n<li>Alinear la gesti\u00f3n de riesgos con la estrategia a largo plazo.<\/li>\n<li>Mejorar la transparencia y la rendici\u00f3n de cuentas.<\/li>\n<p>\n<\/ul>\n<p>Nuestro enfoque convierte la gesti\u00f3n de riesgos en un motor de credibilidad, estabilidad operativa y crecimiento sostenible.<\/p>\n<p><em><strong>Opciones de servicio:<\/strong><\/em><\/p>\n<p><strong>Asesor\u00eda de riesgos a la carta<\/strong><br \/>\n<br \/>\nIdeal para empresas que necesitan una evaluaci\u00f3n de riesgos espec\u00edfica en un \u00e1rea concreta.<br \/>\n<\/p>\n<ul>\n<li>Evaluaci\u00f3n de riesgos espec\u00edficos (operativos, financieros, cibern\u00e9ticos o estrat\u00e9gicos)<\/li>\n<li>Identificaci\u00f3n y priorizaci\u00f3n de riesgos<\/li>\n<li>Recomendaciones de mitigaci\u00f3n de alto nivel<\/li>\n<li>Informe consultivo resumido<\/li>\n<li>Sesi\u00f3n de revisi\u00f3n ejecutiva<\/li>\n<\/ul>\n<p>Entrega: 8 d\u00edas h\u00e1biles<\/p>\n<p><strong>Asesor\u00eda de riesgos<\/strong><br \/>\n<br \/>\nPara organizaciones que buscan una gesti\u00f3n estructurada del riesgo y una planificaci\u00f3n de la mitigaci\u00f3n.<br \/>\n<\/p>\n<ul>\n<li>Evaluaci\u00f3n integral de riesgos<\/li>\n<li>Marco de categorizaci\u00f3n de riesgos<\/li>\n<li>An\u00e1lisis de deficiencias en materia de gobernanza y control<\/li>\n<li>Consideraciones sobre la continuidad del negocio<\/li>\n<li>Hoja de ruta para la mitigaci\u00f3n de riesgos<\/li>\n<li>Sesi\u00f3n de estrategia ejecutiva<\/li>\n<\/ul>\n<p>Entrega: 15 d\u00edas h\u00e1biles<\/p>\n<p><strong>Profesional en asesor\u00eda de riesgos<\/strong><br \/>\n<br \/>\nPara empresas que requieren resiliencia a nivel empresarial y alineaci\u00f3n estrat\u00e9gica de riesgos.<br \/>\n<\/p>\n<ul>\n<li>Evaluaci\u00f3n de riesgos en toda la empresa<\/li>\n<li>Alineaci\u00f3n estrat\u00e9gica del riesgo con los objetivos empresariales<\/li>\n<li>Marco de monitoreo de riesgos<\/li>\n<li>Recomendaciones sobre la estructura de gobernanza<\/li>\n<li>Estrategia de continuidad del negocio y resiliencia<\/li>\n<li>Marco de informaci\u00f3n para las partes interesadas<\/li>\n<li>Talleres ejecutivos<\/li>\n<li>Asesoramiento continuo (por tiempo limitado)<\/li>\n<\/ul>\n<p>Entrega: 20 d\u00edas h\u00e1biles dependiendo de la complejidad.<\/p>\n<p><strong>Qu\u00e9 te ayuda a lograr este servicio<\/strong><\/p>\n<ul>\n<li>Mayor visibilidad y control de los riesgos<\/li>\n<li>Mayor solidez en la gobernanza y preparaci\u00f3n para el cumplimiento normativo<\/li>\n<li>Mayor continuidad del negocio<\/li>\n<li>Reducci\u00f3n de la exposici\u00f3n operativa y reputacional<\/li>\n<li>Mayor confianza de los inversionistas y las partes interesadas.<\/li>\n<li>Ventaja competitiva gracias a la resiliencia proactiva<\/li>\n<p>\n<\/ul>\n<p>Modelos de asesor\u00eda personalizados y alianzas de riesgo a largo plazo disponibles a petici\u00f3n.<\/p>","protected":false},"excerpt":{"rendered":"<p>Servicios de consultor\u00eda de riesgos estructurados dise\u00f1ados para ayudar a las organizaciones a fortalecer su resiliencia, mejorar la gobernanza y proteger el valor comercial a largo plazo.<\/p>\n<p>&nbsp;<\/p>","protected":false},"featured_media":4793,"template":"","meta":{"_acf_changed":false},"product_brand":[],"product_cat":[47],"product_tag":[],"class_list":{"0":"post-3713","1":"product","2":"type-product","3":"status-publish","4":"has-post-thumbnail","6":"product_cat-strategy-risk-compliance","8":"first","9":"instock","10":"shipping-taxable","11":"purchasable","12":"product-type-variable"},"acf":[],"_links":{"self":[{"href":"https:\/\/varietyarticles.com\/es\/wp-json\/wp\/v2\/product\/3713","targetHints":{"allow":["GET"]}}],"collection":[{"href":"https:\/\/varietyarticles.com\/es\/wp-json\/wp\/v2\/product"}],"about":[{"href":"https:\/\/varietyarticles.com\/es\/wp-json\/wp\/v2\/types\/product"}],"wp:featuredmedia":[{"embeddable":true,"href":"https:\/\/varietyarticles.com\/es\/wp-json\/wp\/v2\/media\/4793"}],"wp:attachment":[{"href":"https:\/\/varietyarticles.com\/es\/wp-json\/wp\/v2\/media?parent=3713"}],"wp:term":[{"taxonomy":"product_brand","embeddable":true,"href":"https:\/\/varietyarticles.com\/es\/wp-json\/wp\/v2\/product_brand?post=3713"},{"taxonomy":"product_cat","embeddable":true,"href":"https:\/\/varietyarticles.com\/es\/wp-json\/wp\/v2\/product_cat?post=3713"},{"taxonomy":"product_tag","embeddable":true,"href":"https:\/\/varietyarticles.com\/es\/wp-json\/wp\/v2\/product_tag?post=3713"}],"curies":[{"name":"wp","href":"https:\/\/api.w.org\/{rel}","templated":true}]}}