{"id":4478,"date":"2025-10-22T17:06:58","date_gmt":"2025-10-22T17:06:58","guid":{"rendered":"https:\/\/varietyarticles.com\/?page_id=4478"},"modified":"2026-02-10T16:34:29","modified_gmt":"2026-02-10T16:34:29","slug":"aviso-de-privacidad","status":"publish","type":"page","link":"https:\/\/varietyarticles.com\/es\/notice-of-privacy\/","title":{"rendered":"Aviso de privacidad"},"content":{"rendered":"<div data-elementor-type=\"wp-page\" data-elementor-id=\"4478\" class=\"elementor elementor-4478\" data-elementor-post-type=\"page\">\n\t\t\t\t<div class=\"elementor-element elementor-element-7182b716 e-flex e-con-boxed e-con e-parent\" data-id=\"7182b716\" data-element_type=\"container\" data-e-type=\"container\">\n\t\t\t\t\t<div class=\"e-con-inner\">\n\t\t\t\t<div class=\"elementor-element elementor-element-ce83200 elementor-widget elementor-widget-text-editor\" data-id=\"ce83200\" data-element_type=\"widget\" data-e-type=\"widget\" data-widget_type=\"text-editor.default\">\n\t\t\t\t<div class=\"elementor-widget-container\">\n\t\t\t\t\t\t\t\t\t<p><strong>\u00daltima actualizaci\u00f3n: 28 de enero de 2026<\/strong><\/p><p>El sitio web es propiedad y est\u00e1 operado por:<\/p><p><img decoding=\"async\" class=\"alignnone  wp-image-5329\" src=\"https:\/\/varietyarticles.com\/wp-content\/uploads\/2026\/02\/innovacores-300x34.png\" alt=\"\" width=\"170\" height=\"19\" srcset=\"https:\/\/varietyarticles.com\/wp-content\/uploads\/2026\/02\/innovacores-300x34.png 300w, https:\/\/varietyarticles.com\/wp-content\/uploads\/2026\/02\/innovacores-18x2.png 18w, https:\/\/varietyarticles.com\/wp-content\/uploads\/2026\/02\/innovacores.png 332w\" sizes=\"(max-width: 170px) 100vw, 170px\" \/><\/p><p>Una empresa debidamente constituida y existente bajo las leyes de la Rep\u00fablica Dominicana, \u201dArt\u00edculos de variedad\u201c, \u201dNosotros\u201c o \u201dNos\u201c).<\/p><p>\u201cVariety Articles\u201d es el nombre comercial y\/o la marca bajo la cual la Empresa presta sus servicios digitales.<\/p><p>A efectos de las leyes de protecci\u00f3n de datos aplicables, la Empresa act\u00faa como Responsable del Tratamiento de los datos personales recopilados a trav\u00e9s del Sitio web y los servicios relacionados.<\/p><p>Datos de contacto para asuntos relacionados con la protecci\u00f3n de datos:<\/p><p>Correo electr\u00f3nico: info@varietyarticles.com<br \/>Pa\u00eds de constituci\u00f3n: Rep\u00fablica Dominicana<\/p><p>Al acceder o utilizar nuestro sitio web y nuestros servicios digitales, usted reconoce que ha le\u00eddo y comprendido este Aviso de privacidad.<\/p><ol><li><strong>Finalidad del tratamiento de datos<\/strong><\/li><\/ol><p>Sus datos personales ser\u00e1n tratados exclusivamente para fines relacionados con la prestaci\u00f3n de servicios digitales, incluyendo:<\/p><ul><li>Proporcionar, operar y administrar los servicios digitales que solicitas.<\/li><li>Comunicar actualizaciones, cambios o avisos t\u00e9cnicos relacionados con el servicio.<\/li><li>Enviar informaci\u00f3n sobre servicios digitales nuevos o relacionados, promociones o comunicaciones de mercadotecnia (cuando lo permita la ley).<\/li><li>Mejorar nuestros servicios mediante an\u00e1lisis, control de calidad y evaluaciones de la experiencia del usuario.<\/li><li>Cumplir con las obligaciones legales, contractuales y reglamentarias.<\/li><\/ul><p>Los art\u00edculos de Variety no venden ni entregan productos f\u00edsicos.<\/p><ol start=\"2\"><li><strong>Datos personales recopilados<\/strong><\/li><\/ol><p>Para los fines descritos anteriormente, podemos recopilar las siguientes categor\u00edas de datos personales:<\/p><ul><li>Nombre completo<\/li><li>Direcci\u00f3n de correo electr\u00f3nico<\/li><li>N\u00famero de tel\u00e9fono<\/li><li>Direcci\u00f3n IP e informaci\u00f3n del dispositivo<\/li><li>Cookies y tecnolog\u00edas de seguimiento similares<\/li><\/ul><p>\u00a0<\/p><ol start=\"3\"><li><strong>Cookies y tecnolog\u00edas de seguimiento<\/strong><\/li><\/ol><p>Podemos utilizar cookies y tecnolog\u00edas similares para mejorar la funcionalidad del sitio web, analizar patrones de uso y respaldar actividades de marketing y remarketing. Algunas cookies pueden ser colocadas por proveedores externos de publicidad o an\u00e1lisis.<\/p><p>Puede administrar o desactivar las cookies a trav\u00e9s de la configuraci\u00f3n de su navegador; sin embargo, hacerlo puede afectar a determinadas funciones del sitio web.<\/p><ol start=\"4\"><li><strong>Derechos del usuario<\/strong><\/li><\/ol><p>Tienes derecho a:<\/p><ul><li>Acceda a sus datos personales.<\/li><li>Solicitar la rectificaci\u00f3n o actualizaci\u00f3n de datos inexactos.<\/li><li>Solicitar la eliminaci\u00f3n o cancelaci\u00f3n de sus datos personales, cuando sea legalmente aplicable.<\/li><li>Oponerse o restringir el tratamiento de sus datos personales.<\/li><li>Retira tu consentimiento en cualquier momento, sin efecto retroactivo.<\/li><\/ul><p>Para ejercer estos derechos, env\u00ede una solicitud por escrito a:<\/p><p><strong>Correo electr\u00f3nico:<\/strong> info@varietyarticles.com<\/p><p>Las solicitudes se tramitar\u00e1n de conformidad con las leyes de protecci\u00f3n de datos aplicables.<\/p><ol start=\"5\"><li><strong>Comunicaci\u00f3n de mercadotecnia<\/strong><\/li><\/ol><p>Si ha dado su consentimiento para recibir comunicaciones promocionales, es posible que le enviemos correos electr\u00f3nicos o mensajes relacionados con nuestros servicios digitales. Puede optar por no recibir comunicaciones promocionales en cualquier momento poni\u00e9ndose en contacto con nosotros en info@varietyarticles.com.<\/p><ol start=\"6\"><li><strong>Seguridad de los datos<\/strong><\/li><\/ol><p>Variety Articles implementa medidas administrativas, t\u00e9cnicas y organizativas razonables para proteger los datos personales contra el acceso no autorizado, la p\u00e9rdida, el uso indebido, la alteraci\u00f3n o la divulgaci\u00f3n.<\/p><ol start=\"7\"><li><strong>Cambios en este aviso de privacidad<\/strong><\/li><\/ol><p>Variety Articles se reserva el derecho de modificar este Aviso de privacidad en cualquier momento. Cualquier actualizaci\u00f3n se publicar\u00e1 en nuestro sitio web y entrar\u00e1 en vigor en el momento de su publicaci\u00f3n.<\/p><p>El uso continuado de nuestro sitio web o nuestros servicios despu\u00e9s de la publicaci\u00f3n de los cambios implica la aceptaci\u00f3n del Aviso de privacidad actualizado.<\/p>\t\t\t\t\t\t\t\t<\/div>\n\t\t\t\t<\/div>\n\t\t\t\t\t<\/div>\n\t\t\t\t<\/div>\n\t\t\t\t<\/div>","protected":false},"excerpt":{"rendered":"<p>Last updated: January 28, 2026 The Website is owned and operated by: A company duly incorporated and existing under the laws of the Dominican Republic (Rep\u00fablica Dominicana),\u201d \u201cVariety Articles,\u201d \u201cWe,\u201d or \u201cUs\u201d). \u201cVariety Articles\u201d is the commercial name and\/or brand under which the Company provides its digital services. For purposes of applicable data protection laws, [&hellip;]<\/p>\n","protected":false},"author":9,"featured_media":0,"parent":0,"menu_order":0,"comment_status":"closed","ping_status":"closed","template":"","meta":{"_acf_changed":false,"footnotes":""},"class_list":["post-4478","page","type-page","status-publish","hentry"],"acf":[],"_links":{"self":[{"href":"https:\/\/varietyarticles.com\/es\/wp-json\/wp\/v2\/pages\/4478","targetHints":{"allow":["GET"]}}],"collection":[{"href":"https:\/\/varietyarticles.com\/es\/wp-json\/wp\/v2\/pages"}],"about":[{"href":"https:\/\/varietyarticles.com\/es\/wp-json\/wp\/v2\/types\/page"}],"author":[{"embeddable":true,"href":"https:\/\/varietyarticles.com\/es\/wp-json\/wp\/v2\/users\/9"}],"replies":[{"embeddable":true,"href":"https:\/\/varietyarticles.com\/es\/wp-json\/wp\/v2\/comments?post=4478"}],"version-history":[{"count":6,"href":"https:\/\/varietyarticles.com\/es\/wp-json\/wp\/v2\/pages\/4478\/revisions"}],"predecessor-version":[{"id":5344,"href":"https:\/\/varietyarticles.com\/es\/wp-json\/wp\/v2\/pages\/4478\/revisions\/5344"}],"wp:attachment":[{"href":"https:\/\/varietyarticles.com\/es\/wp-json\/wp\/v2\/media?parent=4478"}],"curies":[{"name":"wp","href":"https:\/\/api.w.org\/{rel}","templated":true}]}}